{"id":47882,"date":"2024-10-28T08:07:12","date_gmt":"2024-10-28T13:07:12","guid":{"rendered":"https:\/\/yourpanamaconnection.com\/por-que-panama\/"},"modified":"2025-08-18T18:01:52","modified_gmt":"2025-08-18T23:01:52","slug":"por-que-panama","status":"publish","type":"page","link":"https:\/\/yourpanamaconnection.com\/es\/por-que-panama\/","title":{"rendered":"Por qu\u00e9 Panam\u00e1?"},"content":{"rendered":"\t\t<div data-elementor-type=\"wp-page\" data-elementor-id=\"47882\" class=\"elementor elementor-47882 elementor-47804\">\n\t\t\t\t\t\t<section class=\"elementor-section elementor-top-section elementor-element elementor-element-74364d6 elementor-section-height-min-height animated-slow elementor-section-boxed elementor-section-height-default elementor-section-items-middle elementor-invisible\" data-id=\"74364d6\" data-element_type=\"section\" data-e-type=\"section\" data-settings=\"{&quot;background_background&quot;:&quot;classic&quot;,&quot;animation&quot;:&quot;fadeIn&quot;}\">\n\t\t\t\t\t\t\t<div class=\"elementor-background-overlay\"><\/div>\n\t\t\t\t\t\t\t<div class=\"elementor-container elementor-column-gap-default\">\n\t\t\t\t\t<div class=\"elementor-column elementor-col-100 elementor-top-column elementor-element elementor-element-c2a5e11\" data-id=\"c2a5e11\" data-element_type=\"column\" data-e-type=\"column\">\n\t\t\t<div class=\"elementor-widget-wrap elementor-element-populated\">\n\t\t\t\t\t\t<div class=\"elementor-element elementor-element-f59eba8 elementor-widget elementor-widget-heading\" data-id=\"f59eba8\" data-element_type=\"widget\" data-e-type=\"widget\" data-widget_type=\"heading.default\">\n\t\t\t\t<div class=\"elementor-widget-container\">\n\t\t\t\t\t<h1 class=\"elementor-heading-title elementor-size-default\">Por qu\u00e9 Panam\u00e1?<\/h1>\t\t\t\t<\/div>\n\t\t\t\t<\/div>\n\t\t\t\t\t<\/div>\n\t\t<\/div>\n\t\t\t\t\t<\/div>\n\t\t<\/section>\n\t\t\t\t<section class=\"elementor-section elementor-top-section elementor-element elementor-element-e08789a elementor-section-boxed elementor-section-height-default elementor-section-height-default\" data-id=\"e08789a\" data-element_type=\"section\" data-e-type=\"section\">\n\t\t\t\t\t\t<div class=\"elementor-container elementor-column-gap-default\">\n\t\t\t\t\t<div class=\"elementor-column elementor-col-100 elementor-top-column elementor-element elementor-element-f284ebc\" data-id=\"f284ebc\" data-element_type=\"column\" data-e-type=\"column\">\n\t\t\t<div class=\"elementor-widget-wrap elementor-element-populated\">\n\t\t\t\t\t\t<div class=\"elementor-element elementor-element-f5e6791 elementor-widget elementor-widget-spacer\" data-id=\"f5e6791\" data-element_type=\"widget\" data-e-type=\"widget\" data-widget_type=\"spacer.default\">\n\t\t\t\t<div class=\"elementor-widget-container\">\n\t\t\t\t\t\t\t<div class=\"elementor-spacer\">\n\t\t\t<div class=\"elementor-spacer-inner\"><\/div>\n\t\t<\/div>\n\t\t\t\t\t\t<\/div>\n\t\t\t\t<\/div>\n\t\t\t\t<div class=\"elementor-element elementor-element-8d870f9 elementor-widget elementor-widget-heading\" data-id=\"8d870f9\" data-element_type=\"widget\" data-e-type=\"widget\" data-widget_type=\"heading.default\">\n\t\t\t\t<div class=\"elementor-widget-container\">\n\t\t\t\t\t<h3 class=\"elementor-heading-title elementor-size-default\">\u00bfPor qu\u00e9 elegir Panam\u00e1 como su pr\u00f3ximo destino de inversi\u00f3n inmobiliaria, estilo de vida y\/o retiro?<\/h3>\t\t\t\t<\/div>\n\t\t\t\t<\/div>\n\t\t\t\t<div class=\"elementor-element elementor-element-0031542 elementor-widget elementor-widget-spacer\" data-id=\"0031542\" data-element_type=\"widget\" data-e-type=\"widget\" data-widget_type=\"spacer.default\">\n\t\t\t\t<div class=\"elementor-widget-container\">\n\t\t\t\t\t\t\t<div class=\"elementor-spacer\">\n\t\t\t<div class=\"elementor-spacer-inner\"><\/div>\n\t\t<\/div>\n\t\t\t\t\t\t<\/div>\n\t\t\t\t<\/div>\n\t\t\t\t<div class=\"elementor-element elementor-element-895f935 elementor-widget elementor-widget-heading\" data-id=\"895f935\" data-element_type=\"widget\" data-e-type=\"widget\" data-widget_type=\"heading.default\">\n\t\t\t\t<div class=\"elementor-widget-container\">\n\t\t\t\t\t<h2 class=\"elementor-heading-title elementor-size-default\">El pa\u00eds es:<\/h2>\t\t\t\t<\/div>\n\t\t\t\t<\/div>\n\t\t\t\t<div class=\"elementor-element elementor-element-b2550d3 elementor-widget elementor-widget-text-editor\" data-id=\"b2550d3\" data-element_type=\"widget\" data-e-type=\"widget\" data-widget_type=\"text-editor.default\">\n\t\t\t\t<div class=\"elementor-widget-container\">\n\t\t\t\t\t\t\t\t\t<ul>\n<li>Extraordinariamente hermoso<\/li>\n<li>Seguro<\/li>\n<li>Pol\u00edticamente estable<\/li>\n<li>La ciudad de Panam\u00e1, la capital de la naci\u00f3n, es considerada el Hub de las Am\u00e9ricas y es amigable para la inversi\u00f3n, los negocios y el turismo.<\/li>\n<li>Un destino de jubilaci\u00f3n de primer nivel que ofrece uno de los mejores programas de incentivos de jubilaci\u00f3n del mundo.<\/li>\n<li>Amigable con los expatriados<\/li>\n<li>Un destino para la aventura<\/li>\n<li>Es un gran lugar para observar aves y la naturaleza y es un destino ecol\u00f3gico prometedor.<\/li>\n<\/ul>\n\t\t\t\t\t\t\t\t<\/div>\n\t\t\t\t<\/div>\n\t\t\t\t<div class=\"elementor-element elementor-element-552a466 elementor-widget elementor-widget-image\" data-id=\"552a466\" data-element_type=\"widget\" data-e-type=\"widget\" data-widget_type=\"image.default\">\n\t\t\t\t<div class=\"elementor-widget-container\">\n\t\t\t\t\t\t\t\t\t\t\t\t\t\t\t<img fetchpriority=\"high\" decoding=\"async\" width=\"1024\" height=\"576\" src=\"https:\/\/yourpanamaconnection.com\/wp-content\/uploads\/2024\/10\/Ciudad-de-Panama-1-1280x720-1-1-1024x576.jpg\" class=\"attachment-large size-large wp-image-47884\" alt=\"\" srcset=\"https:\/\/yourpanamaconnection.com\/wp-content\/uploads\/2024\/10\/Ciudad-de-Panama-1-1280x720-1-1-1024x576.jpg 1024w, https:\/\/yourpanamaconnection.com\/wp-content\/uploads\/2024\/10\/Ciudad-de-Panama-1-1280x720-1-1-300x169.jpg 300w, https:\/\/yourpanamaconnection.com\/wp-content\/uploads\/2024\/10\/Ciudad-de-Panama-1-1280x720-1-1-768x432.jpg 768w, https:\/\/yourpanamaconnection.com\/wp-content\/uploads\/2024\/10\/Ciudad-de-Panama-1-1280x720-1-1-1067x600.jpg 1067w, https:\/\/yourpanamaconnection.com\/wp-content\/uploads\/2024\/10\/Ciudad-de-Panama-1-1280x720-1-1-496x279.jpg 496w, https:\/\/yourpanamaconnection.com\/wp-content\/uploads\/2024\/10\/Ciudad-de-Panama-1-1280x720-1-1.jpg 1280w\" sizes=\"(max-width: 1024px) 100vw, 1024px\" \/>\t\t\t\t\t\t\t\t\t\t\t\t\t\t\t<\/div>\n\t\t\t\t<\/div>\n\t\t\t\t\t<\/div>\n\t\t<\/div>\n\t\t\t\t\t<\/div>\n\t\t<\/section>\n\t\t\t\t<section class=\"elementor-section elementor-top-section elementor-element elementor-element-212325a elementor-section-boxed elementor-section-height-default elementor-section-height-default\" data-id=\"212325a\" data-element_type=\"section\" data-e-type=\"section\">\n\t\t\t\t\t\t<div class=\"elementor-container elementor-column-gap-default\">\n\t\t\t\t\t<div class=\"elementor-column elementor-col-100 elementor-top-column elementor-element elementor-element-f696e99\" data-id=\"f696e99\" data-element_type=\"column\" data-e-type=\"column\">\n\t\t\t<div class=\"elementor-widget-wrap elementor-element-populated\">\n\t\t\t\t\t\t<div class=\"elementor-element elementor-element-4ec3703 elementor-widget elementor-widget-spacer\" data-id=\"4ec3703\" data-element_type=\"widget\" data-e-type=\"widget\" data-widget_type=\"spacer.default\">\n\t\t\t\t<div class=\"elementor-widget-container\">\n\t\t\t\t\t\t\t<div class=\"elementor-spacer\">\n\t\t\t<div class=\"elementor-spacer-inner\"><\/div>\n\t\t<\/div>\n\t\t\t\t\t\t<\/div>\n\t\t\t\t<\/div>\n\t\t\t\t<div class=\"elementor-element elementor-element-583def3 elementor-widget elementor-widget-heading\" data-id=\"583def3\" data-element_type=\"widget\" data-e-type=\"widget\" data-widget_type=\"heading.default\">\n\t\t\t\t<div class=\"elementor-widget-container\">\n\t\t\t\t\t<h2 class=\"elementor-heading-title elementor-size-default\">El pa\u00eds tiene:<\/h2>\t\t\t\t<\/div>\n\t\t\t\t<\/div>\n\t\t\t\t<div class=\"elementor-element elementor-element-cd1803b elementor-widget elementor-widget-text-editor\" data-id=\"cd1803b\" data-element_type=\"widget\" data-e-type=\"widget\" data-widget_type=\"text-editor.default\">\n\t\t\t\t<div class=\"elementor-widget-container\">\n\t\t\t\t\t\t\t\t\t<ul>\n<li>Un clima tropical<\/li>\n<li>Un sector bancario moderno<\/li>\n<li>Atenci\u00f3n m\u00e9dica de primera clase<\/li>\n<li>Buenas escuelas privadas que cuentan con los sistemas ingl\u00e9s y americano.<\/li>\n<li>El Canal de Panam\u00e1, diversas zonas francas y varias oficinas regionales de importantes empresas<\/li>\n<li>Modernos centros comerciales, excelentes restaurantes y varios hoteles reconocidos internacionalmente.<\/li>\n<li>El d\u00f3lar estadounidense como moneda oficial<\/li>\n<li>Pesca deportiva, buceo, snorkel y navegaci\u00f3n de clase mundial.<\/li>\n<li>Archipi\u00e9lagos, hermosas playas y abundante fauna y flora.<\/li>\n<\/ul>\n\t\t\t\t\t\t\t\t<\/div>\n\t\t\t\t<\/div>\n\t\t\t\t<div class=\"elementor-element elementor-element-bcbdb45 elementor-widget elementor-widget-image\" data-id=\"bcbdb45\" data-element_type=\"widget\" data-e-type=\"widget\" data-widget_type=\"image.default\">\n\t\t\t\t<div class=\"elementor-widget-container\">\n\t\t\t\t\t\t\t\t\t\t\t\t\t\t\t<img decoding=\"async\" width=\"1024\" height=\"576\" src=\"https:\/\/yourpanamaconnection.com\/wp-content\/uploads\/2024\/10\/Isla-Contadora-1280x720-1-qmiepzmcmvyeim9pbfzd6h2q8gcuqfanv3bruo3nz4-1024x576.jpg\" class=\"attachment-large size-large wp-image-47885\" alt=\"\" srcset=\"https:\/\/yourpanamaconnection.com\/wp-content\/uploads\/2024\/10\/Isla-Contadora-1280x720-1-qmiepzmcmvyeim9pbfzd6h2q8gcuqfanv3bruo3nz4-1024x576.jpg 1024w, https:\/\/yourpanamaconnection.com\/wp-content\/uploads\/2024\/10\/Isla-Contadora-1280x720-1-qmiepzmcmvyeim9pbfzd6h2q8gcuqfanv3bruo3nz4-300x169.jpg 300w, https:\/\/yourpanamaconnection.com\/wp-content\/uploads\/2024\/10\/Isla-Contadora-1280x720-1-qmiepzmcmvyeim9pbfzd6h2q8gcuqfanv3bruo3nz4-768x432.jpg 768w, https:\/\/yourpanamaconnection.com\/wp-content\/uploads\/2024\/10\/Isla-Contadora-1280x720-1-qmiepzmcmvyeim9pbfzd6h2q8gcuqfanv3bruo3nz4-1067x600.jpg 1067w, https:\/\/yourpanamaconnection.com\/wp-content\/uploads\/2024\/10\/Isla-Contadora-1280x720-1-qmiepzmcmvyeim9pbfzd6h2q8gcuqfanv3bruo3nz4-496x279.jpg 496w, https:\/\/yourpanamaconnection.com\/wp-content\/uploads\/2024\/10\/Isla-Contadora-1280x720-1-qmiepzmcmvyeim9pbfzd6h2q8gcuqfanv3bruo3nz4.jpg 1280w\" sizes=\"(max-width: 1024px) 100vw, 1024px\" \/>\t\t\t\t\t\t\t\t\t\t\t\t\t\t\t<\/div>\n\t\t\t\t<\/div>\n\t\t\t\t\t<\/div>\n\t\t<\/div>\n\t\t\t\t\t<\/div>\n\t\t<\/section>\n\t\t\t\t<\/div>\n\t\t","protected":false},"excerpt":{"rendered":"<p>Por qu\u00e9 Panam\u00e1? \u00bfPor qu\u00e9 elegir Panam\u00e1 como su pr\u00f3ximo destino de inversi\u00f3n inmobiliaria, estilo de vida y\/o retiro? El pa\u00eds es: Extraordinariamente hermoso Seguro Pol\u00edticamente estable La ciudad de Panam\u00e1, la capital de la naci\u00f3n, es considerada el Hub de las Am\u00e9ricas y es amigable para la inversi\u00f3n, los negocios y el turismo. Un [&hellip;]<\/p>\n","protected":false},"author":1,"featured_media":47994,"parent":0,"menu_order":0,"comment_status":"closed","ping_status":"closed","template":"template\/template-homepage.php","meta":{"_joinchat":[],"footnotes":""},"class_list":["post-47882","page","type-page","status-publish","has-post-thumbnail","hentry"],"yoast_head":"<!-- This site is optimized with the Yoast SEO Premium plugin v27.3 (Yoast SEO v27.3) - https:\/\/yoast.com\/product\/yoast-seo-premium-wordpress\/ -->\n<title>Por qu\u00e9 Panam\u00e1? - Your Panama Real Estate Connection<\/title>\n<meta name=\"description\" content=\"\u00bfPor qu\u00e9 elegir Panam\u00e1 como su pr\u00f3ximo destino de inversi\u00f3n inmobiliaria, estilo de vida y\/o retiro para su jubilaci\u00f3n?\" \/>\n<meta name=\"robots\" content=\"index, follow, max-snippet:-1, max-image-preview:large, max-video-preview:-1\" \/>\n<link rel=\"canonical\" href=\"https:\/\/yourpanamaconnection.com\/es\/por-que-panama\/\" \/>\n<meta property=\"og:locale\" content=\"es_ES\" \/>\n<meta property=\"og:type\" content=\"article\" \/>\n<meta property=\"og:title\" content=\"Por qu\u00e9 Panam\u00e1?\" \/>\n<meta property=\"og:description\" content=\"\u00bfPor qu\u00e9 elegir Panam\u00e1 como su pr\u00f3ximo destino de inversi\u00f3n inmobiliaria, estilo de vida y\/o retiro para su jubilaci\u00f3n?\" \/>\n<meta property=\"og:url\" content=\"https:\/\/yourpanamaconnection.com\/es\/por-que-panama\/\" \/>\n<meta property=\"og:site_name\" content=\"Your Panama Real Estate Connection\" \/>\n<meta property=\"article:publisher\" content=\"https:\/\/www.facebook.com\/yourpanamaconnection\" \/>\n<meta property=\"article:modified_time\" content=\"2025-08-18T23:01:52+00:00\" \/>\n<meta property=\"og:image\" content=\"https:\/\/yourpanamaconnection.com\/wp-content\/uploads\/2024\/10\/sala-se-vende-apartamento-ph-allure.jpg\" \/>\n\t<meta property=\"og:image:width\" content=\"1600\" \/>\n\t<meta property=\"og:image:height\" content=\"747\" \/>\n\t<meta property=\"og:image:type\" content=\"image\/jpeg\" \/>\n<meta name=\"twitter:card\" content=\"summary_large_image\" \/>\n<meta name=\"twitter:site\" content=\"@yourpanamac\" \/>\n<meta name=\"twitter:label1\" content=\"Tiempo de lectura\" \/>\n\t<meta name=\"twitter:data1\" content=\"2 minutos\" \/>\n<script type=\"application\/ld+json\" class=\"yoast-schema-graph\">{\"@context\":\"https:\\\/\\\/schema.org\",\"@graph\":[{\"@type\":\"WebPage\",\"@id\":\"https:\\\/\\\/yourpanamaconnection.com\\\/es\\\/por-que-panama\\\/\",\"url\":\"https:\\\/\\\/yourpanamaconnection.com\\\/es\\\/por-que-panama\\\/\",\"name\":\"Por qu\u00e9 Panam\u00e1? - Your Panama Real Estate Connection\",\"isPartOf\":{\"@id\":\"https:\\\/\\\/yourpanamaconnection.com\\\/es\\\/#website\"},\"primaryImageOfPage\":{\"@id\":\"https:\\\/\\\/yourpanamaconnection.com\\\/es\\\/por-que-panama\\\/#primaryimage\"},\"image\":{\"@id\":\"https:\\\/\\\/yourpanamaconnection.com\\\/es\\\/por-que-panama\\\/#primaryimage\"},\"thumbnailUrl\":\"https:\\\/\\\/yourpanamaconnection.com\\\/wp-content\\\/uploads\\\/2024\\\/10\\\/sala-se-vende-apartamento-ph-allure.jpg\",\"datePublished\":\"2024-10-28T13:07:12+00:00\",\"dateModified\":\"2025-08-18T23:01:52+00:00\",\"description\":\"\u00bfPor qu\u00e9 elegir Panam\u00e1 como su pr\u00f3ximo destino de inversi\u00f3n inmobiliaria, estilo de vida y\\\/o retiro para su jubilaci\u00f3n?\",\"breadcrumb\":{\"@id\":\"https:\\\/\\\/yourpanamaconnection.com\\\/es\\\/por-que-panama\\\/#breadcrumb\"},\"inLanguage\":\"es\",\"potentialAction\":[{\"@type\":\"ReadAction\",\"target\":[\"https:\\\/\\\/yourpanamaconnection.com\\\/es\\\/por-que-panama\\\/\"]}]},{\"@type\":\"ImageObject\",\"inLanguage\":\"es\",\"@id\":\"https:\\\/\\\/yourpanamaconnection.com\\\/es\\\/por-que-panama\\\/#primaryimage\",\"url\":\"https:\\\/\\\/yourpanamaconnection.com\\\/wp-content\\\/uploads\\\/2024\\\/10\\\/sala-se-vende-apartamento-ph-allure.jpg\",\"contentUrl\":\"https:\\\/\\\/yourpanamaconnection.com\\\/wp-content\\\/uploads\\\/2024\\\/10\\\/sala-se-vende-apartamento-ph-allure.jpg\",\"width\":1600,\"height\":747},{\"@type\":\"BreadcrumbList\",\"@id\":\"https:\\\/\\\/yourpanamaconnection.com\\\/es\\\/por-que-panama\\\/#breadcrumb\",\"itemListElement\":[{\"@type\":\"ListItem\",\"position\":1,\"name\":\"Home\",\"item\":\"https:\\\/\\\/yourpanamaconnection.com\\\/es\\\/\"},{\"@type\":\"ListItem\",\"position\":2,\"name\":\"Por qu\u00e9 Panam\u00e1?\"}]},{\"@type\":\"WebSite\",\"@id\":\"https:\\\/\\\/yourpanamaconnection.com\\\/es\\\/#website\",\"url\":\"https:\\\/\\\/yourpanamaconnection.com\\\/es\\\/\",\"name\":\"Your Panama Real Estate Connection\",\"description\":\"Licensed real estate company in Panama \",\"publisher\":{\"@id\":\"https:\\\/\\\/yourpanamaconnection.com\\\/es\\\/#organization\"},\"potentialAction\":[{\"@type\":\"SearchAction\",\"target\":{\"@type\":\"EntryPoint\",\"urlTemplate\":\"https:\\\/\\\/yourpanamaconnection.com\\\/es\\\/?s={search_term_string}\"},\"query-input\":{\"@type\":\"PropertyValueSpecification\",\"valueRequired\":true,\"valueName\":\"search_term_string\"}}],\"inLanguage\":\"es\"},{\"@type\":\"Organization\",\"@id\":\"https:\\\/\\\/yourpanamaconnection.com\\\/es\\\/#organization\",\"name\":\"Your Panama Real Estate Connection\",\"url\":\"https:\\\/\\\/yourpanamaconnection.com\\\/es\\\/\",\"logo\":{\"@type\":\"ImageObject\",\"inLanguage\":\"es\",\"@id\":\"https:\\\/\\\/yourpanamaconnection.com\\\/es\\\/#\\\/schema\\\/logo\\\/image\\\/\",\"url\":\"https:\\\/\\\/yourpanamaconnection.com\\\/wp-content\\\/uploads\\\/2024\\\/10\\\/Your-Panama-Real-Estate-Connection-nuevo2-png.png\",\"contentUrl\":\"https:\\\/\\\/yourpanamaconnection.com\\\/wp-content\\\/uploads\\\/2024\\\/10\\\/Your-Panama-Real-Estate-Connection-nuevo2-png.png\",\"width\":2000,\"height\":1556,\"caption\":\"Your Panama Real Estate Connection\"},\"image\":{\"@id\":\"https:\\\/\\\/yourpanamaconnection.com\\\/es\\\/#\\\/schema\\\/logo\\\/image\\\/\"},\"sameAs\":[\"https:\\\/\\\/www.facebook.com\\\/yourpanamaconnection\",\"https:\\\/\\\/x.com\\\/yourpanamac\",\"https:\\\/\\\/www.instagram.com\\\/yourpanamaconnection\\\/#\",\"https:\\\/\\\/pa.linkedin.com\\\/company\\\/yourpanamaconnection\"]}]}<\/script>\n<!-- \/ Yoast SEO Premium plugin. -->","yoast_head_json":{"title":"Por qu\u00e9 Panam\u00e1? - Your Panama Real Estate Connection","description":"\u00bfPor qu\u00e9 elegir Panam\u00e1 como su pr\u00f3ximo destino de inversi\u00f3n inmobiliaria, estilo de vida y\/o retiro para su jubilaci\u00f3n?","robots":{"index":"index","follow":"follow","max-snippet":"max-snippet:-1","max-image-preview":"max-image-preview:large","max-video-preview":"max-video-preview:-1"},"canonical":"https:\/\/yourpanamaconnection.com\/es\/por-que-panama\/","og_locale":"es_ES","og_type":"article","og_title":"Por qu\u00e9 Panam\u00e1?","og_description":"\u00bfPor qu\u00e9 elegir Panam\u00e1 como su pr\u00f3ximo destino de inversi\u00f3n inmobiliaria, estilo de vida y\/o retiro para su jubilaci\u00f3n?","og_url":"https:\/\/yourpanamaconnection.com\/es\/por-que-panama\/","og_site_name":"Your Panama Real Estate Connection","article_publisher":"https:\/\/www.facebook.com\/yourpanamaconnection","article_modified_time":"2025-08-18T23:01:52+00:00","og_image":[{"width":1600,"height":747,"url":"https:\/\/yourpanamaconnection.com\/wp-content\/uploads\/2024\/10\/sala-se-vende-apartamento-ph-allure.jpg","type":"image\/jpeg"}],"twitter_card":"summary_large_image","twitter_site":"@yourpanamac","twitter_misc":{"Tiempo de lectura":"2 minutos"},"schema":{"@context":"https:\/\/schema.org","@graph":[{"@type":"WebPage","@id":"https:\/\/yourpanamaconnection.com\/es\/por-que-panama\/","url":"https:\/\/yourpanamaconnection.com\/es\/por-que-panama\/","name":"Por qu\u00e9 Panam\u00e1? - Your Panama Real Estate Connection","isPartOf":{"@id":"https:\/\/yourpanamaconnection.com\/es\/#website"},"primaryImageOfPage":{"@id":"https:\/\/yourpanamaconnection.com\/es\/por-que-panama\/#primaryimage"},"image":{"@id":"https:\/\/yourpanamaconnection.com\/es\/por-que-panama\/#primaryimage"},"thumbnailUrl":"https:\/\/yourpanamaconnection.com\/wp-content\/uploads\/2024\/10\/sala-se-vende-apartamento-ph-allure.jpg","datePublished":"2024-10-28T13:07:12+00:00","dateModified":"2025-08-18T23:01:52+00:00","description":"\u00bfPor qu\u00e9 elegir Panam\u00e1 como su pr\u00f3ximo destino de inversi\u00f3n inmobiliaria, estilo de vida y\/o retiro para su jubilaci\u00f3n?","breadcrumb":{"@id":"https:\/\/yourpanamaconnection.com\/es\/por-que-panama\/#breadcrumb"},"inLanguage":"es","potentialAction":[{"@type":"ReadAction","target":["https:\/\/yourpanamaconnection.com\/es\/por-que-panama\/"]}]},{"@type":"ImageObject","inLanguage":"es","@id":"https:\/\/yourpanamaconnection.com\/es\/por-que-panama\/#primaryimage","url":"https:\/\/yourpanamaconnection.com\/wp-content\/uploads\/2024\/10\/sala-se-vende-apartamento-ph-allure.jpg","contentUrl":"https:\/\/yourpanamaconnection.com\/wp-content\/uploads\/2024\/10\/sala-se-vende-apartamento-ph-allure.jpg","width":1600,"height":747},{"@type":"BreadcrumbList","@id":"https:\/\/yourpanamaconnection.com\/es\/por-que-panama\/#breadcrumb","itemListElement":[{"@type":"ListItem","position":1,"name":"Home","item":"https:\/\/yourpanamaconnection.com\/es\/"},{"@type":"ListItem","position":2,"name":"Por qu\u00e9 Panam\u00e1?"}]},{"@type":"WebSite","@id":"https:\/\/yourpanamaconnection.com\/es\/#website","url":"https:\/\/yourpanamaconnection.com\/es\/","name":"Your Panama Real Estate Connection","description":"Licensed real estate company in Panama ","publisher":{"@id":"https:\/\/yourpanamaconnection.com\/es\/#organization"},"potentialAction":[{"@type":"SearchAction","target":{"@type":"EntryPoint","urlTemplate":"https:\/\/yourpanamaconnection.com\/es\/?s={search_term_string}"},"query-input":{"@type":"PropertyValueSpecification","valueRequired":true,"valueName":"search_term_string"}}],"inLanguage":"es"},{"@type":"Organization","@id":"https:\/\/yourpanamaconnection.com\/es\/#organization","name":"Your Panama Real Estate Connection","url":"https:\/\/yourpanamaconnection.com\/es\/","logo":{"@type":"ImageObject","inLanguage":"es","@id":"https:\/\/yourpanamaconnection.com\/es\/#\/schema\/logo\/image\/","url":"https:\/\/yourpanamaconnection.com\/wp-content\/uploads\/2024\/10\/Your-Panama-Real-Estate-Connection-nuevo2-png.png","contentUrl":"https:\/\/yourpanamaconnection.com\/wp-content\/uploads\/2024\/10\/Your-Panama-Real-Estate-Connection-nuevo2-png.png","width":2000,"height":1556,"caption":"Your Panama Real Estate Connection"},"image":{"@id":"https:\/\/yourpanamaconnection.com\/es\/#\/schema\/logo\/image\/"},"sameAs":["https:\/\/www.facebook.com\/yourpanamaconnection","https:\/\/x.com\/yourpanamac","https:\/\/www.instagram.com\/yourpanamaconnection\/#","https:\/\/pa.linkedin.com\/company\/yourpanamaconnection"]}]}},"_links":{"self":[{"href":"https:\/\/yourpanamaconnection.com\/es\/wp-json\/wp\/v2\/pages\/47882","targetHints":{"allow":["GET"]}}],"collection":[{"href":"https:\/\/yourpanamaconnection.com\/es\/wp-json\/wp\/v2\/pages"}],"about":[{"href":"https:\/\/yourpanamaconnection.com\/es\/wp-json\/wp\/v2\/types\/page"}],"author":[{"embeddable":true,"href":"https:\/\/yourpanamaconnection.com\/es\/wp-json\/wp\/v2\/users\/1"}],"replies":[{"embeddable":true,"href":"https:\/\/yourpanamaconnection.com\/es\/wp-json\/wp\/v2\/comments?post=47882"}],"version-history":[{"count":1,"href":"https:\/\/yourpanamaconnection.com\/es\/wp-json\/wp\/v2\/pages\/47882\/revisions"}],"predecessor-version":[{"id":47886,"href":"https:\/\/yourpanamaconnection.com\/es\/wp-json\/wp\/v2\/pages\/47882\/revisions\/47886"}],"wp:featuredmedia":[{"embeddable":true,"href":"https:\/\/yourpanamaconnection.com\/es\/wp-json\/wp\/v2\/media\/47994"}],"wp:attachment":[{"href":"https:\/\/yourpanamaconnection.com\/es\/wp-json\/wp\/v2\/media?parent=47882"}],"curies":[{"name":"wp","href":"https:\/\/api.w.org\/{rel}","templated":true}]}}